{"id":39710,"date":"2024-11-07T11:00:55","date_gmt":"2024-11-07T10:00:55","guid":{"rendered":"https:\/\/www.worksafe-namur.be\/?page_id=39710"},"modified":"2025-12-04T14:35:41","modified_gmt":"2025-12-04T13:35:41","slug":"apllication-worksafe","status":"publish","type":"page","link":"https:\/\/www.worksafe-namur.be\/fr\/apllication-worksafe\/","title":{"rendered":"L&rsquo;application Easyfairs Belgium"},"content":{"rendered":"\t\t<div data-elementor-type=\"wp-page\" data-elementor-id=\"39710\" class=\"elementor elementor-39710\" data-elementor-post-type=\"page\">\n\t\t\t\t\t\t<section class=\"elementor-section elementor-top-section elementor-element elementor-element-be12850 elementor-section-height-min-height elementor-section-boxed elementor-section-height-default elementor-section-items-middle\" data-id=\"be12850\" data-element_type=\"section\" data-settings=\"{&quot;background_background&quot;:&quot;classic&quot;,&quot;background_motion_fx_motion_fx_scrolling&quot;:&quot;yes&quot;,&quot;background_motion_fx_translateY_effect&quot;:&quot;yes&quot;,&quot;background_motion_fx_devices&quot;:[&quot;desktop&quot;],&quot;shape_divider_bottom&quot;:&quot;split&quot;,&quot;background_motion_fx_translateY_speed&quot;:{&quot;unit&quot;:&quot;px&quot;,&quot;size&quot;:4,&quot;sizes&quot;:[]},&quot;background_motion_fx_translateY_affectedRange&quot;:{&quot;unit&quot;:&quot;%&quot;,&quot;size&quot;:&quot;&quot;,&quot;sizes&quot;:{&quot;start&quot;:0,&quot;end&quot;:100}}}\">\n\t\t\t\t\t\t\t<div class=\"elementor-background-overlay\"><\/div>\n\t\t\t\t\t\t<div class=\"elementor-shape elementor-shape-bottom\" aria-hidden=\"true\" data-negative=\"false\">\n\t\t\t<svg xmlns=\"http:\/\/www.w3.org\/2000\/svg\" viewBox=\"0 0 1000 20\" preserveAspectRatio=\"none\">\n\t<path class=\"elementor-shape-fill\" d=\"M0,0v3c0,0,393.8,0,483.4,0c9.2,0,16.6,7.4,16.6,16.6c0-9.1,7.4-16.6,16.6-16.6C606.2,3,1000,3,1000,3V0H0z\"\/>\n<\/svg>\t\t<\/div>\n\t\t\t\t\t<div class=\"elementor-container elementor-column-gap-default\">\n\t\t\t\t\t<div class=\"elementor-column elementor-col-100 elementor-top-column elementor-element elementor-element-f16c950\" data-id=\"f16c950\" data-element_type=\"column\">\n\t\t\t<div class=\"elementor-widget-wrap elementor-element-populated\">\n\t\t\t\t\t\t<div class=\"elementor-element elementor-element-b01b09f elementor-widget elementor-widget-text-editor\" data-id=\"b01b09f\" data-element_type=\"widget\" data-widget_type=\"text-editor.default\">\n\t\t\t\t<div class=\"elementor-widget-container\">\n\t\t\t\t\t\t\t\t\t<h1>L\u2019application Easyfairs Belgium<\/h1>\t\t\t\t\t\t\t\t<\/div>\n\t\t\t\t<\/div>\n\t\t\t\t\t<\/div>\n\t\t<\/div>\n\t\t\t\t\t<\/div>\n\t\t<\/section>\n\t\t\t\t<section class=\"elementor-section elementor-top-section elementor-element elementor-element-73f88a0 elementor-section-boxed elementor-section-height-default elementor-section-height-default\" data-id=\"73f88a0\" data-element_type=\"section\">\n\t\t\t\t\t\t<div class=\"elementor-container elementor-column-gap-default\">\n\t\t\t\t\t<div class=\"elementor-column elementor-col-100 elementor-top-column elementor-element elementor-element-1a5dfb0\" data-id=\"1a5dfb0\" data-element_type=\"column\">\n\t\t\t<div class=\"elementor-widget-wrap elementor-element-populated\">\n\t\t\t\t\t\t<div class=\"elementor-element elementor-element-0fd95cc elementor-widget elementor-widget-text-editor\" data-id=\"0fd95cc\" data-element_type=\"widget\" data-widget_type=\"text-editor.default\">\n\t\t\t\t<div class=\"elementor-widget-container\">\n\t\t\t\t\t\t\t\t\t<p>L\u2019application Easyfairs Belgium est votre assistant intelligent pour une exp\u00e9rience optimale du salon. De la planification de votre agenda \u00e0 la d\u00e9couverte de nouveaux exposants et innovations, l\u2019application vous offre tout ce dont vous avez besoin pour tirer le meilleur parti de l\u2019\u00e9v\u00e9nement. Restez inform\u00e9 gr\u00e2ce aux notifications en temps r\u00e9el et saisissez des opportunit\u00e9s que vous auriez pu manquer autrement.<\/p>\t\t\t\t\t\t\t\t<\/div>\n\t\t\t\t<\/div>\n\t\t\t\t<div class=\"elementor-element elementor-element-435264a elementor-align-center elementor-widget elementor-widget-button\" data-id=\"435264a\" data-element_type=\"widget\" data-widget_type=\"button.default\">\n\t\t\t\t<div class=\"elementor-widget-container\">\n\t\t\t\t\t\t\t\t\t<div class=\"elementor-button-wrapper\">\n\t\t\t\t\t<a class=\"elementor-button elementor-button-link elementor-size-sm\" href=\"https:\/\/www.worksafe-namur.be\/fr\/contactez-nous\/\">\n\t\t\t\t\t\t<span class=\"elementor-button-content-wrapper\">\n\t\t\t\t\t\t\t\t\t<span class=\"elementor-button-text\">Contactez-nous<\/span>\n\t\t\t\t\t<\/span>\n\t\t\t\t\t<\/a>\n\t\t\t\t<\/div>\n\t\t\t\t\t\t\t\t<\/div>\n\t\t\t\t<\/div>\n\t\t\t\t\t<\/div>\n\t\t<\/div>\n\t\t\t\t\t<\/div>\n\t\t<\/section>\n\t\t\t\t<section class=\"elementor-section elementor-top-section elementor-element elementor-element-4f37d59 elementor-section-boxed elementor-section-height-default elementor-section-height-default\" data-id=\"4f37d59\" data-element_type=\"section\">\n\t\t\t\t\t\t<div class=\"elementor-container elementor-column-gap-default\">\n\t\t\t\t\t<div class=\"elementor-column elementor-col-50 elementor-top-column elementor-element elementor-element-c584e69\" data-id=\"c584e69\" data-element_type=\"column\">\n\t\t\t<div class=\"elementor-widget-wrap elementor-element-populated\">\n\t\t\t\t\t\t<div class=\"elementor-element elementor-element-6c3e77c elementor-widget elementor-widget-image\" data-id=\"6c3e77c\" data-element_type=\"widget\" data-widget_type=\"image.default\">\n\t\t\t\t<div class=\"elementor-widget-container\">\n\t\t\t\t\t\t\t\t\t\t\t\t\t\t\t<img fetchpriority=\"high\" decoding=\"async\" width=\"592\" height=\"225\" src=\"https:\/\/easyfairsassets.com\/sites\/229\/2019\/11\/Worksafe-logo-color.jpg\" class=\"attachment-medium_large size-medium_large wp-image-5\" alt=\"Worksafe logo\" srcset=\"https:\/\/easyfairsassets.com\/sites\/229\/2019\/11\/Worksafe-logo-color.jpg 592w, https:\/\/easyfairsassets.com\/sites\/229\/2019\/11\/Worksafe-logo-color-300x114.jpg 300w, https:\/\/easyfairsassets.com\/sites\/229\/2019\/11\/Worksafe-logo-color-158x60.jpg 158w\" sizes=\"(max-width: 592px) 100vw, 592px\" \/>\t\t\t\t\t\t\t\t\t\t\t\t\t\t\t<\/div>\n\t\t\t\t<\/div>\n\t\t\t\t\t<\/div>\n\t\t<\/div>\n\t\t\t\t<div class=\"elementor-column elementor-col-50 elementor-top-column elementor-element elementor-element-c23d16d\" data-id=\"c23d16d\" data-element_type=\"column\">\n\t\t\t<div class=\"elementor-widget-wrap elementor-element-populated\">\n\t\t\t\t\t\t<div class=\"elementor-element elementor-element-c11a0cd elementor-widget elementor-widget-text-editor\" data-id=\"c11a0cd\" data-element_type=\"widget\" data-widget_type=\"text-editor.default\">\n\t\t\t\t<div class=\"elementor-widget-container\">\n\t\t\t\t\t\t\t\t\t<h5><b><strong>\ud83d\ude80 Commencez \u00e0 planifier avant m\u00eame d&rsquo;arriver !<\/strong><\/b><\/h5><p>Nous comprenons que la planification de votre visite \u00e0 Worksafe est cruciale pour tirer le meilleur parti de l&rsquo;\u00e9v\u00e9nement. Notre nouvelle appli vous permet de pr\u00e9parer votre journ\u00e9e d&rsquo;exposition en d\u00e9tail, avant m\u00eame de mettre un pied dans le hall de l&rsquo;\u00e9v\u00e9nement.<\/p><h5><b><strong>\ud83e\udd1d Recevez des recommandations sur mesure<\/strong><\/b><\/h5><p>Recevez des suggestions personnalis\u00e9es sur les personnes que vous souhaitez rencontrer. Nos algorithmes intelligents analysent vos pr\u00e9f\u00e9rences et vous sugg\u00e8rent les connexions les plus pertinentes.<\/p><h5><b><strong>\ud83d\udcc5 D\u00e9couvrez et planifiez vos s\u00e9minaires<\/strong><\/b><\/h5><p>Ne manquez plus jamais une session importante ! D\u00e9couvrez les diff\u00e9rents s\u00e9minaires, lisez-en plus sur les intervenants et les sujets et ajoutez les sessions qui vous semblent int\u00e9ressantes directement \u00e0 votre calendrier personnel.<\/p>\t\t\t\t\t\t\t\t<\/div>\n\t\t\t\t<\/div>\n\t\t\t\t\t<\/div>\n\t\t<\/div>\n\t\t\t\t\t<\/div>\n\t\t<\/section>\n\t\t\t\t<section class=\"elementor-section elementor-top-section elementor-element elementor-element-3c8165a elementor-section-boxed elementor-section-height-default elementor-section-height-default\" data-id=\"3c8165a\" data-element_type=\"section\" data-settings=\"{&quot;background_background&quot;:&quot;classic&quot;}\">\n\t\t\t\t\t\t\t<div class=\"elementor-background-overlay\"><\/div>\n\t\t\t\t\t\t\t<div class=\"elementor-container elementor-column-gap-default\">\n\t\t\t\t\t<div class=\"elementor-column elementor-col-50 elementor-top-column elementor-element elementor-element-e5938b7\" data-id=\"e5938b7\" data-element_type=\"column\" data-settings=\"{&quot;background_background&quot;:&quot;classic&quot;}\">\n\t\t\t<div class=\"elementor-widget-wrap elementor-element-populated\">\n\t\t\t\t\t\t<div class=\"elementor-element elementor-element-2d5337e elementor-widget elementor-widget-heading\" data-id=\"2d5337e\" data-element_type=\"widget\" data-widget_type=\"heading.default\">\n\t\t\t\t<div class=\"elementor-widget-container\">\n\t\t\t\t\t<h2 class=\"elementor-heading-title elementor-size-default\">Avantages de l'application :<\/h2>\t\t\t\t<\/div>\n\t\t\t\t<\/div>\n\t\t\t\t<div class=\"elementor-element elementor-element-c1466ca elementor-widget elementor-widget-text-editor\" data-id=\"c1466ca\" data-element_type=\"widget\" data-widget_type=\"text-editor.default\">\n\t\t\t\t<div class=\"elementor-widget-container\">\n\t\t\t\t\t\t\t\t\t<ol><li><strong>Un r\u00e9seau efficace :<\/strong>\u00a0Trouvez rapidement et facilement les professionnels et les experts que vous recherchez et planifiez efficacement vos rendez-vous.<\/li><li><strong>Exp\u00e9rience personnalis\u00e9e :<\/strong>\u00a0recevez des recommandations adapt\u00e9es \u00e0 vos int\u00e9r\u00eats et \u00e0 vos besoins professionnels.<\/li><li><strong>Restez organis\u00e9 :<\/strong>\u00a0Gardez une trace de votre emploi du temps, de vos r\u00e9unions et de vos s\u00e9minaires en un seul endroit.<\/li><li><strong>Toujours \u00e0 jour :<\/strong>\u00a0recevez des mises \u00e0 jour et des notifications d\u2019\u00e9v\u00e9nements en temps r\u00e9el.<\/li><\/ol>\t\t\t\t\t\t\t\t<\/div>\n\t\t\t\t<\/div>\n\t\t\t\t\t<\/div>\n\t\t<\/div>\n\t\t\t\t<div class=\"elementor-column elementor-col-50 elementor-top-column elementor-element elementor-element-cab5a89\" data-id=\"cab5a89\" data-element_type=\"column\" data-settings=\"{&quot;background_background&quot;:&quot;classic&quot;}\">\n\t\t\t<div class=\"elementor-widget-wrap elementor-element-populated\">\n\t\t\t\t\t\t<div class=\"elementor-element elementor-element-21ce308 elementor-widget elementor-widget-image\" data-id=\"21ce308\" data-element_type=\"widget\" data-widget_type=\"image.default\">\n\t\t\t\t<div class=\"elementor-widget-container\">\n\t\t\t\t\t\t\t\t\t\t\t\t\t\t\t<img decoding=\"async\" width=\"800\" height=\"800\" src=\"https:\/\/easyfairsassets.com\/sites\/229\/2024\/11\/Untitled-design-18-1024x1024.png\" class=\"attachment-large size-large wp-image-39941\" alt=\"\" srcset=\"https:\/\/easyfairsassets.com\/sites\/229\/2024\/11\/Untitled-design-18-1024x1024.png 1024w, https:\/\/easyfairsassets.com\/sites\/229\/2024\/11\/Untitled-design-18-300x300.png 300w, https:\/\/easyfairsassets.com\/sites\/229\/2024\/11\/Untitled-design-18-150x150.png 150w, https:\/\/easyfairsassets.com\/sites\/229\/2024\/11\/Untitled-design-18-768x768.png 768w, https:\/\/easyfairsassets.com\/sites\/229\/2024\/11\/Untitled-design-18.png 1200w\" sizes=\"(max-width: 800px) 100vw, 800px\" \/>\t\t\t\t\t\t\t\t\t\t\t\t\t\t\t<\/div>\n\t\t\t\t<\/div>\n\t\t\t\t\t<\/div>\n\t\t<\/div>\n\t\t\t\t\t<\/div>\n\t\t<\/section>\n\t\t\t\t<section class=\"elementor-section elementor-top-section elementor-element elementor-element-37ca1ac elementor-section-boxed elementor-section-height-default elementor-section-height-default\" data-id=\"37ca1ac\" data-element_type=\"section\" data-settings=\"{&quot;background_background&quot;:&quot;classic&quot;}\">\n\t\t\t\t\t\t\t<div class=\"elementor-background-overlay\"><\/div>\n\t\t\t\t\t\t\t<div class=\"elementor-container elementor-column-gap-default\">\n\t\t\t\t\t<div class=\"elementor-column elementor-col-100 elementor-top-column elementor-element elementor-element-9c871a1\" data-id=\"9c871a1\" data-element_type=\"column\" data-settings=\"{&quot;background_background&quot;:&quot;classic&quot;}\">\n\t\t\t<div class=\"elementor-widget-wrap elementor-element-populated\">\n\t\t\t\t\t\t<div class=\"elementor-element elementor-element-8e14fc4 elementor-widget elementor-widget-heading\" data-id=\"8e14fc4\" data-element_type=\"widget\" data-widget_type=\"heading.default\">\n\t\t\t\t<div class=\"elementor-widget-container\">\n\t\t\t\t\t<h2 class=\"elementor-heading-title elementor-size-default\">Comment cela fonctionne-t-il ?<\/h2>\t\t\t\t<\/div>\n\t\t\t\t<\/div>\n\t\t\t\t<div class=\"elementor-element elementor-element-0b99243 elementor-widget elementor-widget-text-editor\" data-id=\"0b99243\" data-element_type=\"widget\" data-widget_type=\"text-editor.default\">\n\t\t\t\t<div class=\"elementor-widget-container\">\n\t\t\t\t\t\t\t\t\t<ol><li><strong>Inscrivez-vous d\u2019abord au salon :<\/strong>\u00a0apr\u00e8s votre inscription, vous recevrez un e-mail pour cr\u00e9er votre compte sur l\u2019application.<\/li><li><strong>T\u00e9l\u00e9chargez l\u2019application :<\/strong>\u00a0l\u2019application est disponible pour Android et iOS. Suivez le lien ou scannez le code QR pour la t\u00e9l\u00e9charger.<\/li><li><strong>D\u00e9finissez votre profil :<\/strong>\u00a0parlez-nous de vos int\u00e9r\u00eats, de votre entreprise et de ce que vous recherchez pendant l\u2019\u00e9v\u00e9nement.<\/li><li><strong>Commencez \u00e0 faire des rencontres :<\/strong>\u00a0commencez \u00e0 explorer les recommandations, entrez en contact avec d\u2019autres professionnels et planifiez votre visite.<\/li><li><strong>Profitez de Solids :<\/strong>\u00a0Avec votre planification \u00e0 port\u00e9e de main, vous pouvez vous concentrer sur l\u2019\u00e9tablissement de liens significatifs et la collecte d\u2019informations pr\u00e9cieuses.<\/li><\/ol>\t\t\t\t\t\t\t\t<\/div>\n\t\t\t\t<\/div>\n\t\t\t\t\t<\/div>\n\t\t<\/div>\n\t\t\t\t\t<\/div>\n\t\t<\/section>\n\t\t\t\t<section class=\"elementor-section elementor-top-section elementor-element elementor-element-d303e02 elementor-section-boxed elementor-section-height-default elementor-section-height-default\" data-id=\"d303e02\" data-element_type=\"section\">\n\t\t\t\t\t\t<div class=\"elementor-container elementor-column-gap-default\">\n\t\t\t\t\t<div class=\"elementor-column elementor-col-100 elementor-top-column elementor-element elementor-element-6ac0f6b\" data-id=\"6ac0f6b\" data-element_type=\"column\">\n\t\t\t<div class=\"elementor-widget-wrap elementor-element-populated\">\n\t\t\t\t\t\t<div class=\"elementor-element elementor-element-eaa9b0a elementor-widget elementor-widget-text-editor\" data-id=\"eaa9b0a\" data-element_type=\"widget\" data-widget_type=\"text-editor.default\">\n\t\t\t\t<div class=\"elementor-widget-container\">\n\t\t\t\t\t\t\t\t\t<h2>Tirez le meilleur parti de votre visite \u00e0 Worksafe Namur !<\/h2><p>Notre application est plus qu&rsquo;un simple outil de planification. C&rsquo;est votre assistant personnel, con\u00e7u pour vous offrir une exp\u00e9rience riche et transparente du moment o\u00f9 vous d\u00e9cidez de nous rendre visite jusqu&rsquo;au moment o\u00f9 vous nous quittez.<\/p><p>N&rsquo;attendez plus et installez l&rsquo;application Easyfairs Belgium d\u00e8s maintenant ! Tirez le meilleur parti de votre visite au salon, nouez de nouvelles relations et restez au courant de tout ce que Worksafe a \u00e0 offrir.<\/p><p><strong>\ud83d\udcf2 T\u00e9l\u00e9chargez l&rsquo;application maintenant<\/strong><\/p>\t\t\t\t\t\t\t\t<\/div>\n\t\t\t\t<\/div>\n\t\t\t\t\t<\/div>\n\t\t<\/div>\n\t\t\t\t\t<\/div>\n\t\t<\/section>\n\t\t\t\t<section class=\"elementor-section elementor-top-section elementor-element elementor-element-8505058 elementor-section-boxed elementor-section-height-default elementor-section-height-default\" data-id=\"8505058\" data-element_type=\"section\">\n\t\t\t\t\t\t<div class=\"elementor-container elementor-column-gap-default\">\n\t\t\t\t\t<div class=\"elementor-column elementor-col-50 elementor-top-column elementor-element elementor-element-8cf78eb\" data-id=\"8cf78eb\" data-element_type=\"column\">\n\t\t\t<div class=\"elementor-widget-wrap elementor-element-populated\">\n\t\t\t\t\t\t<div class=\"elementor-element elementor-element-4d28ebe elementor-widget elementor-widget-image\" data-id=\"4d28ebe\" data-element_type=\"widget\" data-widget_type=\"image.default\">\n\t\t\t\t<div class=\"elementor-widget-container\">\n\t\t\t\t\t\t\t\t\t\t\t\t\t\t\t\t<a href=\"https:\/\/play.google.com\/store\/apps\/details?id=events.grip.efbe1047&#038;hl=en\">\n\t\t\t\t\t\t\t<img decoding=\"async\" width=\"223\" height=\"73\" src=\"https:\/\/easyfairsassets.com\/sites\/229\/2024\/11\/playstore-1.png\" class=\"attachment-large size-large wp-image-39422\" alt=\"\" \/>\t\t\t\t\t\t\t\t<\/a>\n\t\t\t\t\t\t\t\t\t\t\t\t\t\t\t<\/div>\n\t\t\t\t<\/div>\n\t\t\t\t\t<\/div>\n\t\t<\/div>\n\t\t\t\t<div class=\"elementor-column elementor-col-50 elementor-top-column elementor-element elementor-element-153ccd7\" data-id=\"153ccd7\" data-element_type=\"column\">\n\t\t\t<div class=\"elementor-widget-wrap elementor-element-populated\">\n\t\t\t\t\t\t<div class=\"elementor-element elementor-element-1ccd3d8 elementor-widget elementor-widget-image\" data-id=\"1ccd3d8\" data-element_type=\"widget\" data-widget_type=\"image.default\">\n\t\t\t\t<div class=\"elementor-widget-container\">\n\t\t\t\t\t\t\t\t\t\t\t\t\t\t\t\t<a href=\"https:\/\/apps.apple.com\/nl\/app\/easyfairs-belgium\/id6680193572\">\n\t\t\t\t\t\t\t<img loading=\"lazy\" decoding=\"async\" width=\"233\" height=\"76\" src=\"https:\/\/easyfairsassets.com\/sites\/229\/2024\/11\/appstore-1.png\" class=\"attachment-large size-large wp-image-39425\" alt=\"\" \/>\t\t\t\t\t\t\t\t<\/a>\n\t\t\t\t\t\t\t\t\t\t\t\t\t\t\t<\/div>\n\t\t\t\t<\/div>\n\t\t\t\t\t<\/div>\n\t\t<\/div>\n\t\t\t\t\t<\/div>\n\t\t<\/section>\n\t\t\t\t<\/div>\n\t\t","protected":false},"excerpt":{"rendered":"<p>L\u2019application Easyfairs Belgium L\u2019application Easyfairs Belgium est votre assistant intelligent pour une exp\u00e9rience optimale du salon. De la planification de votre agenda \u00e0 la d\u00e9couverte de nouveaux exposants et innovations, l\u2019application vous offre tout ce dont vous avez besoin pour tirer le meilleur parti de l\u2019\u00e9v\u00e9nement. Restez inform\u00e9 gr\u00e2ce aux notifications en temps r\u00e9el et [&hellip;]<\/p>\n","protected":false},"author":1351,"featured_media":0,"parent":0,"menu_order":0,"comment_status":"closed","ping_status":"closed","template":"","meta":{"_seopress_robots_primary_cat":"","_seopress_titles_title":"L\u2019application Worksafe Belgium","_seopress_titles_desc":"Nous sommes ravis de vous pr\u00e9senter notre nouvelle application Easyfairs Belgium et ses nombreuses fonctionnalit\u00e9s !","_seopress_robots_index":"","footnotes":""},"class_list":["post-39710","page","type-page","status-publish","hentry"],"_links":{"self":[{"href":"https:\/\/www.worksafe-namur.be\/fr\/wp-json\/wp\/v2\/pages\/39710","targetHints":{"allow":["GET"]}}],"collection":[{"href":"https:\/\/www.worksafe-namur.be\/fr\/wp-json\/wp\/v2\/pages"}],"about":[{"href":"https:\/\/www.worksafe-namur.be\/fr\/wp-json\/wp\/v2\/types\/page"}],"author":[{"embeddable":true,"href":"https:\/\/www.worksafe-namur.be\/fr\/wp-json\/wp\/v2\/users\/1351"}],"replies":[{"embeddable":true,"href":"https:\/\/www.worksafe-namur.be\/fr\/wp-json\/wp\/v2\/comments?post=39710"}],"version-history":[{"count":5,"href":"https:\/\/www.worksafe-namur.be\/fr\/wp-json\/wp\/v2\/pages\/39710\/revisions"}],"predecessor-version":[{"id":43169,"href":"https:\/\/www.worksafe-namur.be\/fr\/wp-json\/wp\/v2\/pages\/39710\/revisions\/43169"}],"wp:attachment":[{"href":"https:\/\/www.worksafe-namur.be\/fr\/wp-json\/wp\/v2\/media?parent=39710"}],"curies":[{"name":"wp","href":"https:\/\/api.w.org\/{rel}","templated":true}]}}