{"id":39736,"date":"2024-11-07T11:29:31","date_gmt":"2024-11-07T10:29:31","guid":{"rendered":"https:\/\/www.worksafe-namur.be\/?page_id=39736"},"modified":"2025-12-04T14:36:29","modified_gmt":"2025-12-04T13:36:29","slug":"lapplication-worksafe-belgium-pour-les-exposants","status":"publish","type":"page","link":"https:\/\/www.worksafe-namur.be\/fr\/lapplication-worksafe-belgium-pour-les-exposants\/","title":{"rendered":"L&rsquo;application Easyfairs Belgium pour les exposants"},"content":{"rendered":"\t\t<div data-elementor-type=\"wp-page\" data-elementor-id=\"39736\" class=\"elementor elementor-39736\" data-elementor-post-type=\"page\">\n\t\t\t\t\t\t<section class=\"elementor-section elementor-top-section elementor-element elementor-element-beafbc7 elementor-section-height-min-height elementor-section-boxed elementor-section-height-default elementor-section-items-middle\" data-id=\"beafbc7\" data-element_type=\"section\" data-settings=\"{&quot;background_background&quot;:&quot;classic&quot;,&quot;background_motion_fx_motion_fx_scrolling&quot;:&quot;yes&quot;,&quot;background_motion_fx_translateY_effect&quot;:&quot;yes&quot;,&quot;background_motion_fx_devices&quot;:[&quot;desktop&quot;],&quot;shape_divider_bottom&quot;:&quot;split&quot;,&quot;background_motion_fx_translateY_speed&quot;:{&quot;unit&quot;:&quot;px&quot;,&quot;size&quot;:4,&quot;sizes&quot;:[]},&quot;background_motion_fx_translateY_affectedRange&quot;:{&quot;unit&quot;:&quot;%&quot;,&quot;size&quot;:&quot;&quot;,&quot;sizes&quot;:{&quot;start&quot;:0,&quot;end&quot;:100}}}\">\n\t\t\t\t\t\t\t<div class=\"elementor-background-overlay\"><\/div>\n\t\t\t\t\t\t<div class=\"elementor-shape elementor-shape-bottom\" aria-hidden=\"true\" data-negative=\"false\">\n\t\t\t<svg xmlns=\"http:\/\/www.w3.org\/2000\/svg\" viewBox=\"0 0 1000 20\" preserveAspectRatio=\"none\">\n\t<path class=\"elementor-shape-fill\" d=\"M0,0v3c0,0,393.8,0,483.4,0c9.2,0,16.6,7.4,16.6,16.6c0-9.1,7.4-16.6,16.6-16.6C606.2,3,1000,3,1000,3V0H0z\"\/>\n<\/svg>\t\t<\/div>\n\t\t\t\t\t<div class=\"elementor-container elementor-column-gap-default\">\n\t\t\t\t\t<div class=\"elementor-column elementor-col-100 elementor-top-column elementor-element elementor-element-d73dc77\" data-id=\"d73dc77\" data-element_type=\"column\">\n\t\t\t<div class=\"elementor-widget-wrap elementor-element-populated\">\n\t\t\t\t\t\t<div class=\"elementor-element elementor-element-50be8c7 elementor-widget elementor-widget-text-editor\" data-id=\"50be8c7\" data-element_type=\"widget\" data-widget_type=\"text-editor.default\">\n\t\t\t\t<div class=\"elementor-widget-container\">\n\t\t\t\t\t\t\t\t\t<section class=\"elementor-section elementor-top-section elementor-element elementor-element-be12850 elementor-section-height-min-height elementor-section-boxed elementor-section-height-default elementor-section-items-middle elementor-motion-effects-element elementor-motion-effects-element-type-background\" data-id=\"be12850\" data-element_type=\"section\" data-settings=\"{&quot;background_background&quot;:&quot;classic&quot;,&quot;background_motion_fx_motion_fx_scrolling&quot;:&quot;yes&quot;,&quot;background_motion_fx_translateY_effect&quot;:&quot;yes&quot;,&quot;background_motion_fx_devices&quot;:[&quot;desktop&quot;],&quot;shape_divider_bottom&quot;:&quot;split&quot;,&quot;background_motion_fx_translateY_speed&quot;:{&quot;unit&quot;:&quot;px&quot;,&quot;size&quot;:4,&quot;sizes&quot;:[]},&quot;background_motion_fx_translateY_affectedRange&quot;:{&quot;unit&quot;:&quot;%&quot;,&quot;size&quot;:&quot;&quot;,&quot;sizes&quot;:{&quot;start&quot;:0,&quot;end&quot;:100}}}\"><div class=\"elementor-container elementor-column-gap-default\"><div class=\"elementor-column elementor-col-100 elementor-top-column elementor-element elementor-element-f16c950\" data-id=\"f16c950\" data-element_type=\"column\"><div class=\"elementor-widget-wrap elementor-element-populated\"><div class=\"elementor-element elementor-element-b01b09f elementor-widget elementor-widget-text-editor\" data-id=\"b01b09f\" data-element_type=\"widget\" data-widget_type=\"text-editor.default\"><div class=\"elementor-widget-container\"><h1>L\u2019application Easyfairs Belgium pour les exposants<\/h1><\/div><\/div><\/div><\/div><\/div><\/section><section class=\"elementor-section elementor-top-section elementor-element elementor-element-73f88a0 elementor-section-boxed elementor-section-height-default elementor-section-height-default\" data-id=\"73f88a0\" data-element_type=\"section\"><div class=\"elementor-container elementor-column-gap-default\"><div class=\"elementor-column elementor-col-100 elementor-top-column elementor-element elementor-element-1a5dfb0\" data-id=\"1a5dfb0\" data-element_type=\"column\"><div class=\"elementor-widget-wrap elementor-element-populated\"><div class=\"elementor-element elementor-element-0fd95cc elementor-widget elementor-widget-text-editor\" data-id=\"0fd95cc\" data-element_type=\"widget\" data-widget_type=\"text-editor.default\"><div class=\"elementor-widget-container\">\u00a0<\/div><\/div><\/div><\/div><\/div><\/section>\t\t\t\t\t\t\t\t<\/div>\n\t\t\t\t<\/div>\n\t\t\t\t\t<\/div>\n\t\t<\/div>\n\t\t\t\t\t<\/div>\n\t\t<\/section>\n\t\t\t\t<section class=\"elementor-section elementor-top-section elementor-element elementor-element-ff7cdb3 elementor-section-boxed elementor-section-height-default elementor-section-height-default\" data-id=\"ff7cdb3\" data-element_type=\"section\">\n\t\t\t\t\t\t<div class=\"elementor-container elementor-column-gap-default\">\n\t\t\t\t\t<div class=\"elementor-column elementor-col-100 elementor-top-column elementor-element elementor-element-7fbba16\" data-id=\"7fbba16\" data-element_type=\"column\">\n\t\t\t<div class=\"elementor-widget-wrap elementor-element-populated\">\n\t\t\t\t\t\t<div class=\"elementor-element elementor-element-8973909 elementor-widget elementor-widget-heading\" data-id=\"8973909\" data-element_type=\"widget\" data-widget_type=\"heading.default\">\n\t\t\t\t<div class=\"elementor-widget-container\">\n\t\t\t\t\t<h2 class=\"elementor-heading-title elementor-size-default\">Optimisez votre participation au salon avec L\u2019application Easyfairs Belgium<\/h2>\t\t\t\t<\/div>\n\t\t\t\t<\/div>\n\t\t\t\t<div class=\"elementor-element elementor-element-ab447c5 elementor-widget elementor-widget-text-editor\" data-id=\"ab447c5\" data-element_type=\"widget\" data-widget_type=\"text-editor.default\">\n\t\t\t\t<div class=\"elementor-widget-container\">\n\t\t\t\t\t\t\t\t\t<p>D\u00e9couvrez notre nouvelle application \u00e9v\u00e9nementielle, dot\u00e9e de diverses fonctionnalit\u00e9s qui augmenteront votre visibilit\u00e9 avant, pendant et apr\u00e8s l\u2019\u00e9v\u00e9nement. L\u2019application vous permet de rester en contact \u00e0 tout moment avec vos clients, prospects et partenaires potentiels.<\/p>\t\t\t\t\t\t\t\t<\/div>\n\t\t\t\t<\/div>\n\t\t\t\t<div class=\"elementor-element elementor-element-b2f486c elementor-align-center elementor-widget elementor-widget-button\" data-id=\"b2f486c\" data-element_type=\"widget\" data-widget_type=\"button.default\">\n\t\t\t\t<div class=\"elementor-widget-container\">\n\t\t\t\t\t\t\t\t\t<div class=\"elementor-button-wrapper\">\n\t\t\t\t\t<a class=\"elementor-button elementor-button-link elementor-size-sm\" href=\"https:\/\/www.worksafe-namur.be\/fr\/contactez-nous\/\">\n\t\t\t\t\t\t<span class=\"elementor-button-content-wrapper\">\n\t\t\t\t\t\t\t\t\t<span class=\"elementor-button-text\">Contactez-nous<\/span>\n\t\t\t\t\t<\/span>\n\t\t\t\t\t<\/a>\n\t\t\t\t<\/div>\n\t\t\t\t\t\t\t\t<\/div>\n\t\t\t\t<\/div>\n\t\t\t\t\t<\/div>\n\t\t<\/div>\n\t\t\t\t\t<\/div>\n\t\t<\/section>\n\t\t\t\t<section class=\"elementor-section elementor-top-section elementor-element elementor-element-4360634 elementor-section-boxed elementor-section-height-default elementor-section-height-default\" data-id=\"4360634\" data-element_type=\"section\">\n\t\t\t\t\t\t<div class=\"elementor-container elementor-column-gap-default\">\n\t\t\t\t\t<div class=\"elementor-column elementor-col-50 elementor-top-column elementor-element elementor-element-6064d4e\" data-id=\"6064d4e\" data-element_type=\"column\">\n\t\t\t<div class=\"elementor-widget-wrap elementor-element-populated\">\n\t\t\t\t\t\t<div class=\"elementor-element elementor-element-ebe8d99 elementor-widget elementor-widget-image\" data-id=\"ebe8d99\" data-element_type=\"widget\" data-widget_type=\"image.default\">\n\t\t\t\t<div class=\"elementor-widget-container\">\n\t\t\t\t\t\t\t\t\t\t\t\t\t\t\t<img fetchpriority=\"high\" decoding=\"async\" width=\"592\" height=\"225\" src=\"https:\/\/easyfairsassets.com\/sites\/229\/2019\/11\/Worksafe-logo-color.jpg\" class=\"attachment-large size-large wp-image-5\" alt=\"Worksafe logo\" srcset=\"https:\/\/easyfairsassets.com\/sites\/229\/2019\/11\/Worksafe-logo-color.jpg 592w, https:\/\/easyfairsassets.com\/sites\/229\/2019\/11\/Worksafe-logo-color-300x114.jpg 300w, https:\/\/easyfairsassets.com\/sites\/229\/2019\/11\/Worksafe-logo-color-158x60.jpg 158w\" sizes=\"(max-width: 592px) 100vw, 592px\" \/>\t\t\t\t\t\t\t\t\t\t\t\t\t\t\t<\/div>\n\t\t\t\t<\/div>\n\t\t\t\t\t<\/div>\n\t\t<\/div>\n\t\t\t\t<div class=\"elementor-column elementor-col-50 elementor-top-column elementor-element elementor-element-aae7fa4\" data-id=\"aae7fa4\" data-element_type=\"column\">\n\t\t\t<div class=\"elementor-widget-wrap elementor-element-populated\">\n\t\t\t\t\t\t<div class=\"elementor-element elementor-element-29452ed elementor-widget elementor-widget-text-editor\" data-id=\"29452ed\" data-element_type=\"widget\" data-widget_type=\"text-editor.default\">\n\t\t\t\t<div class=\"elementor-widget-container\">\n\t\t\t\t\t\t\t\t\t<p><strong>\ud83d\ude80 Pr\u00e9parez-vous en cr\u00e9ant votre profil et en invitant vos membres d\u2019\u00e9quipe<\/strong><br \/>Les informations de l\u2019entreprise sont pr\u00e9remplies depuis My Easyfairs. Vous devez simplement pr\u00e9parer votre planning pour l\u2019\u00e9v\u00e9nement avec l\u2019application, afin que les visiteurs puissent communiquer avec vous \u00e0 l\u2019avance et planifier des rendez-vous lors de l\u2019\u00e9v\u00e9nement.<\/p><p><strong>\ud83e\udd1d Recevez des recommandations personnalis\u00e9es<\/strong><br \/>L\u2019application vous propose les connexions les plus pertinentes. Des personnes que vous souhaiterez probablement rencontrer lors de l\u2019\u00e9v\u00e9nement, en fonction de vos pr\u00e9f\u00e9rences et int\u00e9r\u00eats.<\/p>\t\t\t\t\t\t\t\t<\/div>\n\t\t\t\t<\/div>\n\t\t\t\t\t<\/div>\n\t\t<\/div>\n\t\t\t\t\t<\/div>\n\t\t<\/section>\n\t\t\t\t<section class=\"elementor-section elementor-top-section elementor-element elementor-element-c731d77 elementor-section-boxed elementor-section-height-default elementor-section-height-default\" data-id=\"c731d77\" data-element_type=\"section\" data-settings=\"{&quot;background_background&quot;:&quot;classic&quot;}\">\n\t\t\t\t\t\t\t<div class=\"elementor-background-overlay\"><\/div>\n\t\t\t\t\t\t\t<div class=\"elementor-container elementor-column-gap-default\">\n\t\t\t\t\t<div class=\"elementor-column elementor-col-50 elementor-top-column elementor-element elementor-element-0a57c53\" data-id=\"0a57c53\" data-element_type=\"column\" data-settings=\"{&quot;background_background&quot;:&quot;classic&quot;}\">\n\t\t\t<div class=\"elementor-widget-wrap elementor-element-populated\">\n\t\t\t\t\t\t<div class=\"elementor-element elementor-element-6a22ad4 elementor-widget elementor-widget-heading\" data-id=\"6a22ad4\" data-element_type=\"widget\" data-widget_type=\"heading.default\">\n\t\t\t\t<div class=\"elementor-widget-container\">\n\t\t\t\t\t<h2 class=\"elementor-heading-title elementor-size-default\">Avantages de l'application :<\/h2>\t\t\t\t<\/div>\n\t\t\t\t<\/div>\n\t\t\t\t<div class=\"elementor-element elementor-element-ecf1910 elementor-widget elementor-widget-text-editor\" data-id=\"ecf1910\" data-element_type=\"widget\" data-widget_type=\"text-editor.default\">\n\t\t\t\t<div class=\"elementor-widget-container\">\n\t\t\t\t\t\t\t\t\t<ul><li><strong>R\u00e9seautage maximal :<\/strong>\u00a0Augmentez vos chances de rencontrer des professionnels partageant les m\u00eames int\u00e9r\u00eats.<\/li><li><strong>Prise de rendez-vous efficace :<\/strong>\u00a0Communiquez facilement et planifiez vos rendez-vous.<\/li><li><strong>Exp\u00e9rience personnalis\u00e9e :<\/strong>\u00a0Adaptez votre exp\u00e9rience de l\u2019\u00e9v\u00e9nement \u00e0 vos objectifs professionnels.<\/li><\/ul>\t\t\t\t\t\t\t\t<\/div>\n\t\t\t\t<\/div>\n\t\t\t\t\t<\/div>\n\t\t<\/div>\n\t\t\t\t<div class=\"elementor-column elementor-col-50 elementor-top-column elementor-element elementor-element-705251e\" data-id=\"705251e\" data-element_type=\"column\" data-settings=\"{&quot;background_background&quot;:&quot;classic&quot;}\">\n\t\t\t<div class=\"elementor-widget-wrap elementor-element-populated\">\n\t\t\t\t\t\t<div class=\"elementor-element elementor-element-f8cf62c elementor-widget elementor-widget-image\" data-id=\"f8cf62c\" data-element_type=\"widget\" data-widget_type=\"image.default\">\n\t\t\t\t<div class=\"elementor-widget-container\">\n\t\t\t\t\t\t\t\t\t\t\t\t\t\t\t<img decoding=\"async\" width=\"800\" height=\"800\" src=\"https:\/\/easyfairsassets.com\/sites\/229\/2024\/11\/Untitled-design-18-1024x1024.png\" class=\"attachment-large size-large wp-image-39941\" alt=\"\" srcset=\"https:\/\/easyfairsassets.com\/sites\/229\/2024\/11\/Untitled-design-18-1024x1024.png 1024w, https:\/\/easyfairsassets.com\/sites\/229\/2024\/11\/Untitled-design-18-300x300.png 300w, https:\/\/easyfairsassets.com\/sites\/229\/2024\/11\/Untitled-design-18-150x150.png 150w, https:\/\/easyfairsassets.com\/sites\/229\/2024\/11\/Untitled-design-18-768x768.png 768w, https:\/\/easyfairsassets.com\/sites\/229\/2024\/11\/Untitled-design-18.png 1200w\" sizes=\"(max-width: 800px) 100vw, 800px\" \/>\t\t\t\t\t\t\t\t\t\t\t\t\t\t\t<\/div>\n\t\t\t\t<\/div>\n\t\t\t\t\t<\/div>\n\t\t<\/div>\n\t\t\t\t\t<\/div>\n\t\t<\/section>\n\t\t\t\t<section class=\"elementor-section elementor-top-section elementor-element elementor-element-08352a3 elementor-section-boxed elementor-section-height-default elementor-section-height-default\" data-id=\"08352a3\" data-element_type=\"section\" data-settings=\"{&quot;background_background&quot;:&quot;classic&quot;}\">\n\t\t\t\t\t\t\t<div class=\"elementor-background-overlay\"><\/div>\n\t\t\t\t\t\t\t<div class=\"elementor-container elementor-column-gap-default\">\n\t\t\t\t\t<div class=\"elementor-column elementor-col-100 elementor-top-column elementor-element elementor-element-701a6d2\" data-id=\"701a6d2\" data-element_type=\"column\" data-settings=\"{&quot;background_background&quot;:&quot;classic&quot;}\">\n\t\t\t<div class=\"elementor-widget-wrap elementor-element-populated\">\n\t\t\t\t\t\t<div class=\"elementor-element elementor-element-b393c79 elementor-widget elementor-widget-heading\" data-id=\"b393c79\" data-element_type=\"widget\" data-widget_type=\"heading.default\">\n\t\t\t\t<div class=\"elementor-widget-container\">\n\t\t\t\t\t<h2 class=\"elementor-heading-title elementor-size-default\">Comment fonctionne l\u2019application ?<\/h2>\t\t\t\t<\/div>\n\t\t\t\t<\/div>\n\t\t\t\t<div class=\"elementor-element elementor-element-a660a55 elementor-widget elementor-widget-text-editor\" data-id=\"a660a55\" data-element_type=\"widget\" data-widget_type=\"text-editor.default\">\n\t\t\t\t<div class=\"elementor-widget-container\">\n\t\t\t\t\t\t\t\t\t<ol><li><strong>Enregistrez votre personnel de stand :<\/strong>\u00a0Apr\u00e8s l\u2019inscription, ils recevront un e-mail pour cr\u00e9er leur compte dans l\u2019application.<\/li><li><strong>Configurez votre profil utilisateur :<\/strong>\u00a0Parlez-nous de vos int\u00e9r\u00eats et de ce que vous recherchez lors de l\u2019\u00e9v\u00e9nement.<\/li><li><strong>T\u00e9l\u00e9chargez l\u2019application :<\/strong>\u00a0T\u00e9l\u00e9chargez l\u2019application et profitez de ses avantages \u00e0 tout moment et partout.<\/li><\/ol>\t\t\t\t\t\t\t\t<\/div>\n\t\t\t\t<\/div>\n\t\t\t\t\t<\/div>\n\t\t<\/div>\n\t\t\t\t\t<\/div>\n\t\t<\/section>\n\t\t\t\t<section class=\"elementor-section elementor-top-section elementor-element elementor-element-70e9c23 elementor-section-boxed elementor-section-height-default elementor-section-height-default\" data-id=\"70e9c23\" data-element_type=\"section\">\n\t\t\t\t\t\t<div class=\"elementor-container elementor-column-gap-default\">\n\t\t\t\t\t<div class=\"elementor-column elementor-col-100 elementor-top-column elementor-element elementor-element-5095483\" data-id=\"5095483\" data-element_type=\"column\">\n\t\t\t<div class=\"elementor-widget-wrap elementor-element-populated\">\n\t\t\t\t\t\t<div class=\"elementor-element elementor-element-6643028 elementor-widget elementor-widget-text-editor\" data-id=\"6643028\" data-element_type=\"widget\" data-widget_type=\"text-editor.default\">\n\t\t\t\t<div class=\"elementor-widget-container\">\n\t\t\t\t\t\t\t\t\t<h2><strong>Tirez le meilleur parti de votre participation !<\/strong><\/h2><p>Notre application est plus qu&rsquo;un simple outil de planification. C&rsquo;est votre assistant personnel, con\u00e7u pour vous offrir une exp\u00e9rience riche et transparente, du moment o\u00f9 vous d\u00e9cidez de nous rendre visite jusqu&rsquo;au moment o\u00f9 vous nous quittez. N&rsquo;attendez plus et installez l&rsquo;application Easyfairs Belgium d\u00e8s maintenant ! Optimisez votre visite du salon, cr\u00e9ez de nouvelles connexions et restez au courant de tout ce que Worksafe Namur a \u00e0 offrir.<\/p><p><strong>\ud83d\udcf2 T\u00e9l\u00e9chargez l&rsquo;application maintenant<\/strong><\/p>\t\t\t\t\t\t\t\t<\/div>\n\t\t\t\t<\/div>\n\t\t\t\t\t<\/div>\n\t\t<\/div>\n\t\t\t\t\t<\/div>\n\t\t<\/section>\n\t\t\t\t<section class=\"elementor-section elementor-top-section elementor-element elementor-element-e5eae9a elementor-section-boxed elementor-section-height-default elementor-section-height-default\" data-id=\"e5eae9a\" data-element_type=\"section\">\n\t\t\t\t\t\t<div class=\"elementor-container elementor-column-gap-default\">\n\t\t\t\t\t<div class=\"elementor-column elementor-col-50 elementor-top-column elementor-element elementor-element-e5795fe\" data-id=\"e5795fe\" data-element_type=\"column\">\n\t\t\t<div class=\"elementor-widget-wrap elementor-element-populated\">\n\t\t\t\t\t\t<div class=\"elementor-element elementor-element-25c6c05 elementor-widget elementor-widget-image\" data-id=\"25c6c05\" data-element_type=\"widget\" data-widget_type=\"image.default\">\n\t\t\t\t<div class=\"elementor-widget-container\">\n\t\t\t\t\t\t\t\t\t\t\t\t\t\t\t\t<a href=\"https:\/\/play.google.com\/store\/apps\/details?id=events.grip.efbe1047&#038;hl=en\">\n\t\t\t\t\t\t\t<img decoding=\"async\" width=\"223\" height=\"73\" src=\"https:\/\/easyfairsassets.com\/sites\/229\/2024\/11\/playstore-1.png\" class=\"attachment-large size-large wp-image-39422\" alt=\"\" \/>\t\t\t\t\t\t\t\t<\/a>\n\t\t\t\t\t\t\t\t\t\t\t\t\t\t\t<\/div>\n\t\t\t\t<\/div>\n\t\t\t\t\t<\/div>\n\t\t<\/div>\n\t\t\t\t<div class=\"elementor-column elementor-col-50 elementor-top-column elementor-element elementor-element-62b0a93\" data-id=\"62b0a93\" data-element_type=\"column\">\n\t\t\t<div class=\"elementor-widget-wrap elementor-element-populated\">\n\t\t\t\t\t\t<div class=\"elementor-element elementor-element-9a637ba elementor-widget elementor-widget-image\" data-id=\"9a637ba\" data-element_type=\"widget\" data-widget_type=\"image.default\">\n\t\t\t\t<div class=\"elementor-widget-container\">\n\t\t\t\t\t\t\t\t\t\t\t\t\t\t\t\t<a href=\"https:\/\/apps.apple.com\/nl\/app\/easyfairs-belgium\/id6680193572\">\n\t\t\t\t\t\t\t<img loading=\"lazy\" decoding=\"async\" width=\"233\" height=\"76\" src=\"https:\/\/easyfairsassets.com\/sites\/229\/2024\/11\/appstore-1.png\" class=\"attachment-large size-large wp-image-39425\" alt=\"\" \/>\t\t\t\t\t\t\t\t<\/a>\n\t\t\t\t\t\t\t\t\t\t\t\t\t\t\t<\/div>\n\t\t\t\t<\/div>\n\t\t\t\t\t<\/div>\n\t\t<\/div>\n\t\t\t\t\t<\/div>\n\t\t<\/section>\n\t\t\t\t<\/div>\n\t\t","protected":false},"excerpt":{"rendered":"<p>L\u2019application Easyfairs Belgium pour les exposants \u00a0 Optimisez votre participation au salon avec L\u2019application Easyfairs Belgium D\u00e9couvrez notre nouvelle application \u00e9v\u00e9nementielle, dot\u00e9e de diverses fonctionnalit\u00e9s qui augmenteront votre visibilit\u00e9 avant, pendant et apr\u00e8s l\u2019\u00e9v\u00e9nement. L\u2019application vous permet de rester en contact \u00e0 tout moment avec vos clients, prospects et partenaires potentiels. Contactez-nous \ud83d\ude80 Pr\u00e9parez-vous en [&hellip;]<\/p>\n","protected":false},"author":1351,"featured_media":0,"parent":0,"menu_order":0,"comment_status":"closed","ping_status":"closed","template":"","meta":{"_seopress_robots_primary_cat":"","_seopress_titles_title":"L\u2019application Easyfairs Belgium","_seopress_titles_desc":"Nous sommes ravis de vous pr\u00e9senter notre nouvelle application Easyfairs Belgium et ses nombreuses fonctionnalit\u00e9s !","_seopress_robots_index":"","footnotes":""},"class_list":["post-39736","page","type-page","status-publish","hentry"],"_links":{"self":[{"href":"https:\/\/www.worksafe-namur.be\/fr\/wp-json\/wp\/v2\/pages\/39736","targetHints":{"allow":["GET"]}}],"collection":[{"href":"https:\/\/www.worksafe-namur.be\/fr\/wp-json\/wp\/v2\/pages"}],"about":[{"href":"https:\/\/www.worksafe-namur.be\/fr\/wp-json\/wp\/v2\/types\/page"}],"author":[{"embeddable":true,"href":"https:\/\/www.worksafe-namur.be\/fr\/wp-json\/wp\/v2\/users\/1351"}],"replies":[{"embeddable":true,"href":"https:\/\/www.worksafe-namur.be\/fr\/wp-json\/wp\/v2\/comments?post=39736"}],"version-history":[{"count":5,"href":"https:\/\/www.worksafe-namur.be\/fr\/wp-json\/wp\/v2\/pages\/39736\/revisions"}],"predecessor-version":[{"id":43171,"href":"https:\/\/www.worksafe-namur.be\/fr\/wp-json\/wp\/v2\/pages\/39736\/revisions\/43171"}],"wp:attachment":[{"href":"https:\/\/www.worksafe-namur.be\/fr\/wp-json\/wp\/v2\/media?parent=39736"}],"curies":[{"name":"wp","href":"https:\/\/api.w.org\/{rel}","templated":true}]}}