{"id":447,"date":"2020-01-08T09:57:10","date_gmt":"2020-01-08T08:57:10","guid":{"rendered":"https:\/\/www.worksafe-namur.be\/forum-arcop\/"},"modified":"2025-10-28T15:45:54","modified_gmt":"2025-10-28T14:45:54","slug":"forum-arcop","status":"publish","type":"page","link":"https:\/\/www.worksafe-namur.be\/nl\/forum-arcop\/","title":{"rendered":"Forum ARCoP"},"content":{"rendered":"\t\t<div data-elementor-type=\"wp-post\" data-elementor-id=\"447\" class=\"elementor elementor-447 elementor-170\" data-elementor-post-type=\"page\">\n\t\t\t\t\t\t<section class=\"elementor-section elementor-top-section elementor-element elementor-element-cdf2c84 elementor-section-height-min-height elementor-section-boxed elementor-section-height-default elementor-section-items-middle\" data-id=\"cdf2c84\" data-element_type=\"section\" data-settings=\"{&quot;background_background&quot;:&quot;classic&quot;,&quot;background_motion_fx_motion_fx_scrolling&quot;:&quot;yes&quot;,&quot;background_motion_fx_translateY_effect&quot;:&quot;yes&quot;,&quot;background_motion_fx_devices&quot;:[&quot;desktop&quot;],&quot;shape_divider_bottom&quot;:&quot;split&quot;,&quot;background_motion_fx_translateY_speed&quot;:{&quot;unit&quot;:&quot;px&quot;,&quot;size&quot;:4,&quot;sizes&quot;:[]},&quot;background_motion_fx_translateY_affectedRange&quot;:{&quot;unit&quot;:&quot;%&quot;,&quot;size&quot;:&quot;&quot;,&quot;sizes&quot;:{&quot;start&quot;:0,&quot;end&quot;:100}}}\">\n\t\t\t\t\t\t\t<div class=\"elementor-background-overlay\"><\/div>\n\t\t\t\t\t\t<div class=\"elementor-shape elementor-shape-bottom\" aria-hidden=\"true\" data-negative=\"false\">\n\t\t\t<svg xmlns=\"http:\/\/www.w3.org\/2000\/svg\" viewBox=\"0 0 1000 20\" preserveAspectRatio=\"none\">\n\t<path class=\"elementor-shape-fill\" d=\"M0,0v3c0,0,393.8,0,483.4,0c9.2,0,16.6,7.4,16.6,16.6c0-9.1,7.4-16.6,16.6-16.6C606.2,3,1000,3,1000,3V0H0z\"\/>\n<\/svg>\t\t<\/div>\n\t\t\t\t\t<div class=\"elementor-container elementor-column-gap-default\">\n\t\t\t\t\t<div class=\"elementor-column elementor-col-100 elementor-top-column elementor-element elementor-element-da37d58\" data-id=\"da37d58\" data-element_type=\"column\">\n\t\t\t<div class=\"elementor-widget-wrap elementor-element-populated\">\n\t\t\t\t\t\t<div class=\"elementor-element elementor-element-b187cba elementor-widget elementor-widget-text-editor\" data-id=\"b187cba\" data-element_type=\"widget\" data-widget_type=\"text-editor.default\">\n\t\t\t\t<div class=\"elementor-widget-container\">\n\t\t\t\t\t\t\t\t\t<h2>ARCoP Colloquium<\/h2>\n\t\t\t\t\t\t\t\t<\/div>\n\t\t\t\t<\/div>\n\t\t\t\t\t<\/div>\n\t\t<\/div>\n\t\t\t\t\t<\/div>\n\t\t<\/section>\n\t\t\t\t<section class=\"elementor-section elementor-top-section elementor-element elementor-element-cfe1045 elementor-section-boxed elementor-section-height-default elementor-section-height-default\" data-id=\"cfe1045\" data-element_type=\"section\">\n\t\t\t\t\t\t<div class=\"elementor-container elementor-column-gap-default\">\n\t\t\t\t\t<div class=\"elementor-column elementor-col-100 elementor-top-column elementor-element elementor-element-faca1bf\" data-id=\"faca1bf\" data-element_type=\"column\">\n\t\t\t<div class=\"elementor-widget-wrap elementor-element-populated\">\n\t\t\t\t\t\t<div class=\"elementor-element elementor-element-32e91f7 elementor-widget elementor-widget-spacer\" data-id=\"32e91f7\" data-element_type=\"widget\" data-widget_type=\"spacer.default\">\n\t\t\t\t<div class=\"elementor-widget-container\">\n\t\t\t\t\t\t\t<div class=\"elementor-spacer\">\n\t\t\t<div class=\"elementor-spacer-inner\"><\/div>\n\t\t<\/div>\n\t\t\t\t\t\t<\/div>\n\t\t\t\t<\/div>\n\t\t\t\t<div class=\"elementor-element elementor-element-d899426 elementor-widget elementor-widget-image\" data-id=\"d899426\" data-element_type=\"widget\" data-widget_type=\"image.default\">\n\t\t\t\t<div class=\"elementor-widget-container\">\n\t\t\t\t\t\t\t\t\t\t\t\t\t\t\t<img fetchpriority=\"high\" decoding=\"async\" width=\"225\" height=\"225\" src=\"https:\/\/easyfairsassets.com\/sites\/229\/2020\/06\/ARCoP.png\" class=\"attachment-large size-large wp-image-2185\" alt=\"ARCoP\" srcset=\"https:\/\/easyfairsassets.com\/sites\/229\/2020\/06\/ARCoP.png 225w, https:\/\/easyfairsassets.com\/sites\/229\/2020\/06\/ARCoP-150x150.png 150w\" sizes=\"(max-width: 225px) 100vw, 225px\" \/>\t\t\t\t\t\t\t\t\t\t\t\t\t\t\t<\/div>\n\t\t\t\t<\/div>\n\t\t\t\t\t<\/div>\n\t\t<\/div>\n\t\t\t\t\t<\/div>\n\t\t<\/section>\n\t\t\t\t<section class=\"elementor-section elementor-top-section elementor-element elementor-element-798e563 elementor-section-boxed elementor-section-height-default elementor-section-height-default\" data-id=\"798e563\" data-element_type=\"section\">\n\t\t\t\t\t\t<div class=\"elementor-container elementor-column-gap-default\">\n\t\t\t\t\t<div class=\"elementor-column elementor-col-100 elementor-top-column elementor-element elementor-element-af154f1\" data-id=\"af154f1\" data-element_type=\"column\">\n\t\t\t<div class=\"elementor-widget-wrap elementor-element-populated\">\n\t\t\t\t\t\t<div class=\"elementor-element elementor-element-b5d11ce elementor-widget elementor-widget-text-editor\" data-id=\"b5d11ce\" data-element_type=\"widget\" data-widget_type=\"text-editor.default\">\n\t\t\t\t<div class=\"elementor-widget-container\">\n\t\t\t\t\t\t\t\t\t<h1>In samenwerking met ARCoP organiseren we een betaalde conferentie tijdens Worksafe Namur.<\/h1>\n<p><\/p>\n<h4>Info &amp; algemene voorwaarden van de conferentie: arcop.be of 081 24 10 45 &#8211; info@arcop.be<\/h4>\n<p><b>Binnenkort meer info.\u00a0<\/b><\/p>\n\t\t\t\t\t\t\t\t<\/div>\n\t\t\t\t<\/div>\n\t\t\t\t\t<\/div>\n\t\t<\/div>\n\t\t\t\t\t<\/div>\n\t\t<\/section>\n\t\t\t\t<section class=\"elementor-section elementor-top-section elementor-element elementor-element-8a8e4a6 elementor-section-boxed elementor-section-height-default elementor-section-height-default\" data-id=\"8a8e4a6\" data-element_type=\"section\">\n\t\t\t\t\t\t<div class=\"elementor-container elementor-column-gap-default\">\n\t\t\t\t\t<div class=\"elementor-column elementor-col-100 elementor-top-column elementor-element elementor-element-1cb02c9\" data-id=\"1cb02c9\" data-element_type=\"column\">\n\t\t\t<div class=\"elementor-widget-wrap elementor-element-populated\">\n\t\t\t\t\t\t<div class=\"elementor-element elementor-element-0340eef elementor-align-center elementor-hidden-desktop elementor-hidden-tablet elementor-hidden-mobile elementor-widget elementor-widget-dynamic-button\" data-id=\"0340eef\" data-element_type=\"widget\" data-widget_type=\"dynamic-button.default\">\n\t\t\t\t<div class=\"elementor-widget-container\">\n\t\t\t\t\t        <div class=\"elementor-button-wrapper\">\n            <a href=\"https:\/\/register.visitcloud.com\/survey\/0rvxyof9on94b\" target=\"_blank\" class=\"elementor-button-link elementor-button elementor-size-lg\" role=\"button\">\n                        <span class=\"elementor-button-content-wrapper\">\n\t\t\t\t\t\t<span class=\"elementor-button-text\">Registreer hier<\/span>\n\t\t<\/span>\n                    <\/a>\n        <\/div>\n        \t\t\t\t<\/div>\n\t\t\t\t<\/div>\n\t\t\t\t\t<\/div>\n\t\t<\/div>\n\t\t\t\t\t<\/div>\n\t\t<\/section>\n\t\t\t\t<section class=\"elementor-section elementor-top-section elementor-element elementor-element-982c695 elementor-hidden-desktop elementor-hidden-tablet elementor-hidden-mobile elementor-section-boxed elementor-section-height-default elementor-section-height-default\" data-id=\"982c695\" data-element_type=\"section\">\n\t\t\t\t\t\t<div class=\"elementor-container elementor-column-gap-default\">\n\t\t\t\t\t<div class=\"elementor-column elementor-col-50 elementor-top-column elementor-element elementor-element-3a70cf7\" data-id=\"3a70cf7\" data-element_type=\"column\">\n\t\t\t<div class=\"elementor-widget-wrap elementor-element-populated\">\n\t\t\t\t\t\t<div class=\"elementor-element elementor-element-e85f664 elementor-widget elementor-widget-spacer\" data-id=\"e85f664\" data-element_type=\"widget\" data-widget_type=\"spacer.default\">\n\t\t\t\t<div class=\"elementor-widget-container\">\n\t\t\t\t\t\t\t<div class=\"elementor-spacer\">\n\t\t\t<div class=\"elementor-spacer-inner\"><\/div>\n\t\t<\/div>\n\t\t\t\t\t\t<\/div>\n\t\t\t\t<\/div>\n\t\t\t\t<div class=\"elementor-element elementor-element-3867fa6 elementor-widget__width-initial elementor-widget elementor-widget-text-editor\" data-id=\"3867fa6\" data-element_type=\"widget\" data-widget_type=\"text-editor.default\">\n\t\t\t\t<div class=\"elementor-widget-container\">\n\t\t\t\t\t\t\t\t\t<h5><span style=\"color: #756e6e;\">Co\u00fbts de participation au colloque de l&#8217;ARCOP\u00a0<\/span><\/h5>\n<p>Tarif pr\u00e9f\u00e9rentiel valable jusqu&#8217;au 10\/11\/2024<\/p>\n<ul>\n<li><span style=\"color: #fabb00;\"><strong>Membres ARCoP<\/strong><\/span><br \/>125 \u20ac p.p. (hors TVA, catering inclus)<\/li>\n<li><span style=\"color: #fabb00;\"><strong>Non-Membres<\/strong><\/span><br \/>175 \u20ac p.p. (hors TVA, catering inclus)<\/li>\n<\/ul>\n<p>Tarif standard \u00e0 partir du 10\/11\/2024<\/p>\n<ul>\n<li><b><span style=\"color: #fabb00;\">Membres ARCoP<\/span><br \/><\/b>150 \u20ac p.p. (hors TVA, catering inclus)<\/li>\n<li><span style=\"color: #fabb00;\"><b>Non-Membres<\/b><\/span><br \/>200 \u20ac p.p. (hors TVA, catering inclus)<\/li>\n<\/ul>\n\t\t\t\t\t\t\t\t<\/div>\n\t\t\t\t<\/div>\n\t\t\t\t\t<\/div>\n\t\t<\/div>\n\t\t\t\t<div class=\"elementor-column elementor-col-50 elementor-top-column elementor-element elementor-element-9d6dcde\" data-id=\"9d6dcde\" data-element_type=\"column\">\n\t\t\t<div class=\"elementor-widget-wrap elementor-element-populated\">\n\t\t\t\t\t\t<div class=\"elementor-element elementor-element-fddd902 elementor-widget elementor-widget-spacer\" data-id=\"fddd902\" data-element_type=\"widget\" data-widget_type=\"spacer.default\">\n\t\t\t\t<div class=\"elementor-widget-container\">\n\t\t\t\t\t\t\t<div class=\"elementor-spacer\">\n\t\t\t<div class=\"elementor-spacer-inner\"><\/div>\n\t\t<\/div>\n\t\t\t\t\t\t<\/div>\n\t\t\t\t<\/div>\n\t\t\t\t<div class=\"elementor-element elementor-element-049cf8c elementor-widget elementor-widget-text-editor\" data-id=\"049cf8c\" data-element_type=\"widget\" data-widget_type=\"text-editor.default\">\n\t\t\t\t<div class=\"elementor-widget-container\">\n\t\t\t\t\t\t\t\t\t<h5><span style=\"color: #756e6e;\">\u00a0<i>\u00abLes \u00e9volutions r\u00e9elles et artificielles du m\u00e9tier de Conseiller en pr\u00e9vention \u00bb<\/i><\/span><\/h5>\n<p><span style=\"text-decoration: underline;\"><strong>Programme :<\/strong><\/span><\/p>\n<ul>\n<li><span style=\"color: #fbba00;\"><strong>8h30<\/strong> <\/span>: Accueil caf\u00e9<\/li>\n<li><span style=\"color: #fbba00;\"><strong>9h00<\/strong> <\/span>: Introduction de la journ\u00e9e (G\u00e9rald DOMBRET \u2013ARCoP)<\/li>\n<li><span style=\"color: #fbba00;\"><strong>9h20<\/strong> <\/span>: Nouvelle l\u00e9gislation \u00ab ergonomie \u00bb : de son contenu \u00e0 son contr\u00f4le (Alain PIETTE Ergonome europ\u00e9en SPF ETCS DG Humanisation et Nicoletta MANULESCU Inspecteur du Contr\u00f4le du Bien-\u00eatre au travail)<\/li>\n<li><span style=\"color: #fbba00;\"><strong>9h50<\/strong> <\/span>: Nouvelle l\u00e9gislation \u00ab ergonomie \u00bb : Les premiers outils pratiques utiles (Ga\u00e9tan DUSSOLIER &#8211; Ergonome ABC Ergonomics)<\/li>\n<li><span style=\"color: #fbba00;\"><strong>10h20<\/strong> <\/span>: IA: Ami ou ennemi du CP : risques et opportunit\u00e9s (Maxime DUQUESNOY Technop\u00e9dagogue; Enseignant CPFB &#8211; Universit\u00e9 Paris Descartes)<\/li>\n<li><span style=\"color: #fbba00;\"><strong>11h05<\/strong> <\/span>: Remise du prix de l\u2019innovation Worksafe 2024 (Dieter WILSSENS \u2013 Easyfairs et G\u00e9rald DOMBRET \u2013 ARCoP)<\/li>\n<li><span style=\"color: #fbba00;\"><strong>11h15<\/strong> <\/span>: visite stands et repas ;<\/li>\n<li><span style=\"color: #fbba00;\"><strong>14h00<\/strong> <\/span>: IA : Ami ou ennemi : exemples pratiques (Marie CASINI \u2013 ARCoP)<\/li>\n<li><span style=\"color: #fbba00;\"><strong>14h20<\/strong> <\/span>: X, Y, Z, \u2026 M\u00eame alphabet, communication diff\u00e9rente : premi\u00e8re approche interg\u00e9n\u00e9rationnelle de la pr\u00e9vention. (Margot WUILLAUME Managerial trends decoder eBloom et V\u00e9ronique NOIRET Expert en collaboration interg\u00e9n\u00e9rationnelle Axolot Consulting)<\/li>\n<li><span style=\"color: #fbba00;\"><strong>15h20<\/strong> <\/span>: Le d\u00e9fi de la d\u00e9connexion : Outils? (H\u00e9l\u00e8ne Vandromme \u2013 Manager \u00e9quipe psychosociale Wallonie Ouest Cohezio) ;<\/li>\n<li><span style=\"color: #fbba00;\"><strong>15h50<\/strong> <\/span>: Conclusion du colloque<\/li>\n<li><span style=\"color: #fbba00;\"><strong>16h00<\/strong> <\/span>: Cl\u00f4ture.<\/li>\n<li><strong><span style=\"color: #fbba00;\">16h30<\/span> <\/strong>:\u00a0Drink de cl\u00f4ture au bar ARCoP<\/li>\n<\/ul>\n\t\t\t\t\t\t\t\t<\/div>\n\t\t\t\t<\/div>\n\t\t\t\t\t<\/div>\n\t\t<\/div>\n\t\t\t\t\t<\/div>\n\t\t<\/section>\n\t\t\t\t<section class=\"elementor-section elementor-top-section elementor-element elementor-element-c2c3441 elementor-hidden-desktop elementor-hidden-tablet elementor-hidden-mobile elementor-section-boxed elementor-section-height-default elementor-section-height-default\" data-id=\"c2c3441\" data-element_type=\"section\">\n\t\t\t\t\t\t<div class=\"elementor-container elementor-column-gap-default\">\n\t\t\t\t\t<div class=\"elementor-column elementor-col-100 elementor-top-column elementor-element elementor-element-107ff7f\" data-id=\"107ff7f\" data-element_type=\"column\">\n\t\t\t<div class=\"elementor-widget-wrap elementor-element-populated\">\n\t\t\t\t\t\t<div class=\"elementor-element elementor-element-5edd971 elementor-align-center elementor-widget elementor-widget-dynamic-button\" data-id=\"5edd971\" data-element_type=\"widget\" data-widget_type=\"dynamic-button.default\">\n\t\t\t\t<div class=\"elementor-widget-container\">\n\t\t\t\t\t        <div class=\"elementor-button-wrapper\">\n            <a href=\"https:\/\/register.visitcloud.com\/survey\/0rvxyof9on94b\" target=\"_blank\" class=\"elementor-button-link elementor-button elementor-size-lg\" role=\"button\">\n                        <span class=\"elementor-button-content-wrapper\">\n\t\t\t\t\t\t<span class=\"elementor-button-text\">Registreer hier<\/span>\n\t\t<\/span>\n                    <\/a>\n        <\/div>\n        \t\t\t\t<\/div>\n\t\t\t\t<\/div>\n\t\t\t\t\t<\/div>\n\t\t<\/div>\n\t\t\t\t\t<\/div>\n\t\t<\/section>\n\t\t\t\t<section class=\"elementor-section elementor-top-section elementor-element elementor-element-b9c73a3 elementor-hidden-desktop elementor-hidden-tablet elementor-hidden-mobile elementor-section-boxed elementor-section-height-default elementor-section-height-default\" data-id=\"b9c73a3\" data-element_type=\"section\">\n\t\t\t\t\t\t<div class=\"elementor-container elementor-column-gap-default\">\n\t\t\t\t\t<div class=\"elementor-column elementor-col-100 elementor-top-column elementor-element elementor-element-035c773\" data-id=\"035c773\" data-element_type=\"column\">\n\t\t\t<div class=\"elementor-widget-wrap elementor-element-populated\">\n\t\t\t\t\t\t<div class=\"elementor-element elementor-element-c55ace5 elementor-widget elementor-widget-text-editor\" data-id=\"c55ace5\" data-element_type=\"widget\" data-widget_type=\"text-editor.default\">\n\t\t\t\t<div class=\"elementor-widget-container\">\n\t\t\t\t\t\t\t\t\t<h3><strong>Praktische informatie:<\/strong><\/h3>\n<p>08u30 &#8211; 16u00:\u00a0 Colloqium ARCoP<\/p>\n<p>09u30 &#8211; 17u00:\u00a0 Worksafe Namur<\/p>\n<h3>Namur Expo<\/h3>\n<p>Av. Sergent Vrithoff 2, 5000 Namur<\/p>\n<p>Er is een gratis pendeldienst beschikbaar voor deelnemers van het colloqium.<\/p>\n\t\t\t\t\t\t\t\t<\/div>\n\t\t\t\t<\/div>\n\t\t\t\t\t<\/div>\n\t\t<\/div>\n\t\t\t\t\t<\/div>\n\t\t<\/section>\n\t\t\t\t<section class=\"elementor-section elementor-top-section elementor-element elementor-element-1790411 elementor-section-boxed elementor-section-height-default elementor-section-height-default\" data-id=\"1790411\" data-element_type=\"section\">\n\t\t\t\t\t\t<div class=\"elementor-container elementor-column-gap-default\">\n\t\t\t\t\t\t<\/div>\n\t\t<\/section>\n\t\t\t\t<section class=\"elementor-section elementor-top-section elementor-element elementor-element-ed4ce3b elementor-section-boxed elementor-section-height-default elementor-section-height-default\" data-id=\"ed4ce3b\" data-element_type=\"section\">\n\t\t\t\t\t\t<div class=\"elementor-container elementor-column-gap-default\">\n\t\t\t\t\t<div class=\"elementor-column elementor-col-100 elementor-top-column elementor-element elementor-element-a75a94b\" data-id=\"a75a94b\" data-element_type=\"column\">\n\t\t\t<div class=\"elementor-widget-wrap elementor-element-populated\">\n\t\t\t\t\t\t<div class=\"elementor-element elementor-element-088ca5c elementor-skin-carousel elementor-arrows-yes elementor-pagination-type-bullets elementor-pagination-position-outside elementor-widget elementor-widget-media-carousel\" data-id=\"088ca5c\" data-element_type=\"widget\" data-settings=\"{&quot;skin&quot;:&quot;carousel&quot;,&quot;effect&quot;:&quot;slide&quot;,&quot;show_arrows&quot;:&quot;yes&quot;,&quot;pagination&quot;:&quot;bullets&quot;,&quot;speed&quot;:500,&quot;autoplay&quot;:&quot;yes&quot;,&quot;autoplay_speed&quot;:5000,&quot;loop&quot;:&quot;yes&quot;,&quot;pause_on_hover&quot;:&quot;yes&quot;,&quot;pause_on_interaction&quot;:&quot;yes&quot;,&quot;space_between&quot;:{&quot;unit&quot;:&quot;px&quot;,&quot;size&quot;:10,&quot;sizes&quot;:[]},&quot;space_between_tablet&quot;:{&quot;unit&quot;:&quot;px&quot;,&quot;size&quot;:10,&quot;sizes&quot;:[]},&quot;space_between_mobile&quot;:{&quot;unit&quot;:&quot;px&quot;,&quot;size&quot;:10,&quot;sizes&quot;:[]}}\" data-widget_type=\"media-carousel.default\">\n\t\t\t\t<div class=\"elementor-widget-container\">\n\t\t\t\t\t\t\t\t\t<div class=\"elementor-swiper\">\n\t\t\t\t\t<div class=\"elementor-main-swiper swiper\" role=\"region\" aria-roledescription=\"carousel\" aria-label=\"Slides\">\n\t\t\t\t<div class=\"swiper-wrapper\">\n\t\t\t\t\t\t\t\t\t\t\t<div class=\"swiper-slide\" role=\"group\" aria-roledescription=\"slide\">\n\t\t\t\t\t\t\t\t\t<div class=\"elementor-carousel-image\" role=\"img\" aria-label=\"54182705494_cf9b0ddf01_c\" style=\"background-image: url(&#039;https:\/\/easyfairsassets.com\/sites\/229\/2025\/10\/54182705494_cf9b0ddf01_c.jpg&#039;)\">\n\n\t\t\t\n\t\t\t\t\t<\/div>\n\t\t\t\t\t\t\t\t<\/div>\n\t\t\t\t\t\t\t\t\t\t\t<div class=\"swiper-slide\" role=\"group\" aria-roledescription=\"slide\">\n\t\t\t\t\t\t\t\t\t<div class=\"elementor-carousel-image\" role=\"img\" aria-label=\"54181564262_cebb071975_c\" style=\"background-image: url(&#039;https:\/\/easyfairsassets.com\/sites\/229\/2025\/10\/54181564262_cebb071975_c.jpg&#039;)\">\n\n\t\t\t\n\t\t\t\t\t<\/div>\n\t\t\t\t\t\t\t\t<\/div>\n\t\t\t\t\t\t\t\t\t\t\t<div class=\"swiper-slide\" role=\"group\" aria-roledescription=\"slide\">\n\t\t\t\t\t\t\t\t\t<div class=\"elementor-carousel-image\" role=\"img\" aria-label=\"54182739594_4ed4e8f343_c\" style=\"background-image: url(&#039;https:\/\/easyfairsassets.com\/sites\/229\/2025\/10\/54182739594_4ed4e8f343_c.jpg&#039;)\">\n\n\t\t\t\n\t\t\t\t\t<\/div>\n\t\t\t\t\t\t\t\t<\/div>\n\t\t\t\t\t\t\t\t\t\t\t<div class=\"swiper-slide\" role=\"group\" aria-roledescription=\"slide\">\n\t\t\t\t\t\t\t\t\t<div class=\"elementor-carousel-image\" role=\"img\" aria-label=\"54182424771_0ca35e7b9c_c\" style=\"background-image: url(&#039;https:\/\/easyfairsassets.com\/sites\/229\/2025\/10\/54182424771_0ca35e7b9c_c.jpg&#039;)\">\n\n\t\t\t\n\t\t\t\t\t<\/div>\n\t\t\t\t\t\t\t\t<\/div>\n\t\t\t\t\t\t\t\t\t\t\t<div class=\"swiper-slide\" role=\"group\" aria-roledescription=\"slide\">\n\t\t\t\t\t\t\t\t\t<div class=\"elementor-carousel-image\" role=\"img\" aria-label=\"54181531302_7ff61c25ac_c\" style=\"background-image: url(&#039;https:\/\/easyfairsassets.com\/sites\/229\/2025\/10\/54181531302_7ff61c25ac_c.jpg&#039;)\">\n\n\t\t\t\n\t\t\t\t\t<\/div>\n\t\t\t\t\t\t\t\t<\/div>\n\t\t\t\t\t\t\t\t\t\t\t<div class=\"swiper-slide\" role=\"group\" aria-roledescription=\"slide\">\n\t\t\t\t\t\t\t\t\t<div class=\"elementor-carousel-image\" role=\"img\" aria-label=\"54181561932_6f21b83983_c\" style=\"background-image: url(&#039;https:\/\/easyfairsassets.com\/sites\/229\/2025\/10\/54181561932_6f21b83983_c.jpg&#039;)\">\n\n\t\t\t\n\t\t\t\t\t<\/div>\n\t\t\t\t\t\t\t\t<\/div>\n\t\t\t\t\t\t\t\t\t<\/div>\n\t\t\t\t\t\t\t\t\t\t\t\t\t\t\t<div class=\"elementor-swiper-button elementor-swiper-button-prev\" role=\"button\" tabindex=\"0\" aria-label=\"Previous\">\n\t\t\t\t\t\t\t<i aria-hidden=\"true\" class=\"eicon-chevron-left\"><\/i>\t\t\t\t\t\t<\/div>\n\t\t\t\t\t\t<div class=\"elementor-swiper-button elementor-swiper-button-next\" role=\"button\" tabindex=\"0\" aria-label=\"Next\">\n\t\t\t\t\t\t\t<i aria-hidden=\"true\" class=\"eicon-chevron-right\"><\/i>\t\t\t\t\t\t<\/div>\n\t\t\t\t\t\t\t\t\t\t\t\t\t\t\t\t<div class=\"swiper-pagination\"><\/div>\n\t\t\t\t\t\t\t\t\t\t\t\t<\/div>\n\t\t\t\t<\/div>\n\t\t\t\t\t\t\t\t<\/div>\n\t\t\t\t<\/div>\n\t\t\t\t\t<\/div>\n\t\t<\/div>\n\t\t\t\t\t<\/div>\n\t\t<\/section>\n\t\t\t\t<\/div>\n\t\t","protected":false},"excerpt":{"rendered":"<p>ARCoP Colloquium In samenwerking met ARCoP organiseren we een betaalde conferentie tijdens Worksafe Namur. Info &amp; algemene voorwaarden van de conferentie: arcop.be of 081 24 10 45 &#8211; info@arcop.be Binnenkort meer info.\u00a0 Registreer hier Co\u00fbts de participation au colloque de l&#8217;ARCOP\u00a0 Tarif pr\u00e9f\u00e9rentiel valable jusqu&#8217;au 10\/11\/2024 Membres ARCoP125 \u20ac p.p. (hors TVA, catering inclus) Non-Membres175 [&hellip;]<\/p>\n","protected":false},"author":933,"featured_media":0,"parent":0,"menu_order":0,"comment_status":"closed","ping_status":"closed","template":"","meta":{"_seopress_robots_primary_cat":"","_seopress_titles_title":"ARCoP Colloquium -  Worksafe Namur","_seopress_titles_desc":"Voorsprong door kennis in de veiligheidssector, daar draai het om. Schrijf u in voor Worksafe Namur en uw favoriete colloquium van ARCoP.","_seopress_robots_index":"","footnotes":""},"class_list":["post-447","page","type-page","status-publish","hentry"],"_links":{"self":[{"href":"https:\/\/www.worksafe-namur.be\/nl\/wp-json\/wp\/v2\/pages\/447","targetHints":{"allow":["GET"]}}],"collection":[{"href":"https:\/\/www.worksafe-namur.be\/nl\/wp-json\/wp\/v2\/pages"}],"about":[{"href":"https:\/\/www.worksafe-namur.be\/nl\/wp-json\/wp\/v2\/types\/page"}],"author":[{"embeddable":true,"href":"https:\/\/www.worksafe-namur.be\/nl\/wp-json\/wp\/v2\/users\/933"}],"replies":[{"embeddable":true,"href":"https:\/\/www.worksafe-namur.be\/nl\/wp-json\/wp\/v2\/comments?post=447"}],"version-history":[{"count":5,"href":"https:\/\/www.worksafe-namur.be\/nl\/wp-json\/wp\/v2\/pages\/447\/revisions"}],"predecessor-version":[{"id":42062,"href":"https:\/\/www.worksafe-namur.be\/nl\/wp-json\/wp\/v2\/pages\/447\/revisions\/42062"}],"wp:attachment":[{"href":"https:\/\/www.worksafe-namur.be\/nl\/wp-json\/wp\/v2\/media?parent=447"}],"curies":[{"name":"wp","href":"https:\/\/api.w.org\/{rel}","templated":true}]}}